{"id":886,"date":"2024-05-02T22:07:05","date_gmt":"2024-05-02T22:07:05","guid":{"rendered":"https:\/\/gusagida.com\/?page_id=886"},"modified":"2024-05-17T18:41:47","modified_gmt":"2024-05-17T18:41:47","slug":"pastacilik-grubu","status":"publish","type":"page","link":"https:\/\/gusagida.com\/?page_id=886","title":{"rendered":"Pastac\u0131l\u0131k Grubu"},"content":{"rendered":"\t\t<div data-elementor-type=\"wp-page\" data-elementor-id=\"886\" class=\"elementor elementor-886\">\n\t\t\t\t<div class=\"elementor-element elementor-element-c8103e4 e-flex e-con-boxed e-con e-parent\" data-id=\"c8103e4\" data-element_type=\"container\">\n\t\t\t\t\t<div class=\"e-con-inner\">\n\t\t<div class=\"elementor-element elementor-element-b8c9599 e-flex e-con-boxed e-con e-child\" data-id=\"b8c9599\" data-element_type=\"container\">\n\t\t\t\t\t<div class=\"e-con-inner\">\n\t\t<div class=\"elementor-element elementor-element-3e8efe7 e-flex e-con-boxed e-con e-child\" data-id=\"3e8efe7\" data-element_type=\"container\">\n\t\t\t\t\t<div class=\"e-con-inner\">\n\t\t\t\t<div class=\"elementor-element elementor-element-0691b30 elementor-widget elementor-widget-mfn_feature_box\" data-id=\"0691b30\" data-element_type=\"widget\" data-widget_type=\"mfn_feature_box.default\">\n\t\t\t\t<div class=\"elementor-widget-container\">\n\t\t\t\t\t<div class=\"feature_box\"><div class=\"feature_box_wrapper\" ><div class=\"photo_wrapper\"><img fetchpriority=\"high\" decoding=\"async\" class=\"scale-with-grid\" src=\"https:\/\/gusagida.com\/wp-content\/uploads\/2024\/04\/kurabiye-scaled.jpg\" alt=\"Square,Baklava,,Pistachio,Baklava,,Gaziantep,Baklava,,Top,Shot.,Kare,Baklava\" width=\"2560\" height=\"1707\" \/><\/div><div class=\"desc_wrapper\"><h4 class=\"title\">Cookie<\/h4><div class=\"desc\"><h6 style=\"text-align: left;\">Cookie \u00c7e\u015fitleri;<\/h6><ul style=\"text-align: left;\"><li><strong>\u00c7ikolatal\u0131<\/strong><\/li><li><strong>Yer F\u0131st\u0131kl\u0131<\/strong><\/li><\/ul><p style=\"text-align: left;\">Kutu Adeti: 16 Adet - Form: Taze<\/p><\/div><\/div><\/div><\/div>\n\t\t\t\t<\/div>\n\t\t\t\t<\/div>\n\t\t\t\t\t<\/div>\n\t\t\t\t<\/div>\n\t\t\t\t\t<\/div>\n\t\t\t\t<\/div>\n\t\t\t\t\t<\/div>\n\t\t\t\t<\/div>\n\t\t<div class=\"elementor-element elementor-element-ed4b11a e-flex e-con-boxed e-con e-parent\" data-id=\"ed4b11a\" data-element_type=\"container\">\n\t\t\t\t\t<div class=\"e-con-inner\">\n\t\t<div class=\"elementor-element elementor-element-b9585a6 e-flex e-con-boxed e-con e-child\" data-id=\"b9585a6\" data-element_type=\"container\">\n\t\t\t\t\t<div class=\"e-con-inner\">\n\t\t<div class=\"elementor-element elementor-element-9433e09 e-flex e-con-boxed e-con e-child\" data-id=\"9433e09\" data-element_type=\"container\">\n\t\t\t\t\t<div class=\"e-con-inner\">\n\t\t\t\t<div class=\"elementor-element elementor-element-d75a93f elementor-widget elementor-widget-mfn_feature_box\" data-id=\"d75a93f\" data-element_type=\"widget\" data-widget_type=\"mfn_feature_box.default\">\n\t\t\t\t<div class=\"elementor-widget-container\">\n\t\t\t\t\t<div class=\"feature_box\"><div class=\"feature_box_wrapper\" ><div class=\"photo_wrapper\"><img decoding=\"async\" class=\"scale-with-grid\" src=\"https:\/\/gusagida.com\/wp-content\/uploads\/2024\/04\/san-sebbastian-scaled.jpg\" alt=\"Square,Baklava,,Pistachio,Baklava,,Gaziantep,Baklava,,Top,Shot.,Kare,Baklava\" width=\"2560\" height=\"1707\" \/><\/div><div class=\"desc_wrapper\"><h4 class=\"title\">San Sebastian<\/h4><div class=\"desc\"><p style=\"text-align: left;\">Kutu Adeti: 12 Adet - Form: Taze<\/p><\/div><\/div><\/div><\/div>\n\t\t\t\t<\/div>\n\t\t\t\t<\/div>\n\t\t\t\t\t<\/div>\n\t\t\t\t<\/div>\n\t\t\t\t\t<\/div>\n\t\t\t\t<\/div>\n\t\t\t\t\t<\/div>\n\t\t\t\t<\/div>\n\t\t<div class=\"elementor-element elementor-element-8a2a6f9 e-flex e-con-boxed e-con e-parent\" data-id=\"8a2a6f9\" data-element_type=\"container\">\n\t\t\t\t\t<div class=\"e-con-inner\">\n\t\t<div class=\"elementor-element elementor-element-28b44d1 e-flex e-con-boxed e-con e-child\" data-id=\"28b44d1\" data-element_type=\"container\">\n\t\t\t\t\t<div class=\"e-con-inner\">\n\t\t<div class=\"elementor-element elementor-element-bc958d7 e-flex e-con-boxed e-con e-child\" data-id=\"bc958d7\" data-element_type=\"container\">\n\t\t\t\t\t<div class=\"e-con-inner\">\n\t\t\t\t<div class=\"elementor-element elementor-element-ece81cf elementor-widget elementor-widget-mfn_feature_box\" data-id=\"ece81cf\" data-element_type=\"widget\" data-widget_type=\"mfn_feature_box.default\">\n\t\t\t\t<div class=\"elementor-widget-container\">\n\t\t\t\t\t<div class=\"feature_box\"><div class=\"feature_box_wrapper\" ><div class=\"photo_wrapper\"><img decoding=\"async\" class=\"scale-with-grid\" src=\"https:\/\/gusagida.com\/wp-content\/uploads\/2024\/04\/CheseeCake1-scaled.jpg\" alt=\"Square,Baklava,,Pistachio,Baklava,,Gaziantep,Baklava,,Top,Shot.,Kare,Baklava\" width=\"2560\" height=\"1707\" \/><\/div><div class=\"desc_wrapper\"><h4 class=\"title\">Cheesecake<\/h4><div class=\"desc\"><h6 style=\"text-align: left;\">Cheesecake \u00c7e\u015fitleri;<\/h6><ul style=\"text-align: left;\"><li><strong>Frambuaz<\/strong><\/li><li><strong>Limon<\/strong><\/li><li><strong>Lotus<\/strong><\/li><\/ul><p style=\"text-align: left;\">Kutu Adeti: 12 Adet - Form: Donuk<\/p><\/div><\/div><\/div><\/div>\n\t\t\t\t<\/div>\n\t\t\t\t<\/div>\n\t\t\t\t\t<\/div>\n\t\t\t\t<\/div>\n\t\t\t\t\t<\/div>\n\t\t\t\t<\/div>\n\t\t\t\t\t<\/div>\n\t\t\t\t<\/div>\n\t\t<div class=\"elementor-element elementor-element-e5fe6d6 e-flex e-con-boxed e-con e-parent\" data-id=\"e5fe6d6\" data-element_type=\"container\">\n\t\t\t\t\t<div class=\"e-con-inner\">\n\t\t<div class=\"elementor-element elementor-element-3d8c8b5 e-flex e-con-boxed e-con e-child\" data-id=\"3d8c8b5\" data-element_type=\"container\">\n\t\t\t\t\t<div class=\"e-con-inner\">\n\t\t<div class=\"elementor-element elementor-element-2dcfd2c e-flex e-con-boxed e-con e-child\" data-id=\"2dcfd2c\" data-element_type=\"container\">\n\t\t\t\t\t<div class=\"e-con-inner\">\n\t\t\t\t<div class=\"elementor-element elementor-element-723b56c elementor-widget elementor-widget-mfn_feature_box\" data-id=\"723b56c\" data-element_type=\"widget\" data-widget_type=\"mfn_feature_box.default\">\n\t\t\t\t<div class=\"elementor-widget-container\">\n\t\t\t\t\t<div class=\"feature_box\"><div class=\"feature_box_wrapper\" ><div class=\"photo_wrapper\"><img loading=\"lazy\" decoding=\"async\" class=\"scale-with-grid\" src=\"https:\/\/gusagida.com\/wp-content\/uploads\/2024\/04\/visneli-kek-scaled.jpg\" alt=\"Square,Baklava,,Pistachio,Baklava,,Gaziantep,Baklava,,Top,Shot.,Kare,Baklava\" width=\"2560\" height=\"1707\" \/><\/div><div class=\"desc_wrapper\"><h4 class=\"title\">Brownie<\/h4><div class=\"desc\"><h6 style=\"text-align: left;\">Brownie \u00c7e\u015fitleri;<\/h6><ul style=\"text-align: left;\"><li><strong>\u00c7ikolata<\/strong><\/li><li><strong>Vi\u015fne<\/strong><\/li><\/ul><p style=\"text-align: left;\">Kutu Adeti: 18 Adet - Form: Donuk<\/p><\/div><\/div><\/div><\/div>\n\t\t\t\t<\/div>\n\t\t\t\t<\/div>\n\t\t\t\t\t<\/div>\n\t\t\t\t<\/div>\n\t\t\t\t\t<\/div>\n\t\t\t\t<\/div>\n\t\t\t\t\t<\/div>\n\t\t\t\t<\/div>\n\t\t<div class=\"elementor-element elementor-element-fdce714 e-flex e-con-boxed e-con e-parent\" data-id=\"fdce714\" data-element_type=\"container\">\n\t\t\t\t\t<div class=\"e-con-inner\">\n\t\t<div class=\"elementor-element elementor-element-b48f0f6 e-flex e-con-boxed e-con e-child\" data-id=\"b48f0f6\" data-element_type=\"container\">\n\t\t\t\t\t<div class=\"e-con-inner\">\n\t\t<div class=\"elementor-element elementor-element-95c661b e-flex e-con-boxed e-con e-child\" data-id=\"95c661b\" data-element_type=\"container\">\n\t\t\t\t\t<div class=\"e-con-inner\">\n\t\t\t\t<div class=\"elementor-element elementor-element-0a97525 elementor-widget elementor-widget-mfn_feature_box\" data-id=\"0a97525\" data-element_type=\"widget\" data-widget_type=\"mfn_feature_box.default\">\n\t\t\t\t<div class=\"elementor-widget-container\">\n\t\t\t\t\t<div class=\"feature_box\"><div class=\"feature_box_wrapper\" ><div class=\"photo_wrapper\"><img loading=\"lazy\" decoding=\"async\" class=\"scale-with-grid\" src=\"https:\/\/gusagida.com\/wp-content\/uploads\/2024\/05\/cream-puff2-scaled.jpg\" alt=\"Gaziantep,Baklava,With,Pistachio,,Butter,Butter,,And,Gaziantep,Pistachio.,It\" width=\"2560\" height=\"1707\" \/><\/div><div class=\"desc_wrapper\"><h4 class=\"title\">Cream Puff<\/h4><div class=\"desc\"><h6 style=\"text-align: left;\">Cream Puff \u00c7e\u015fitleri;<\/h6><ul style=\"text-align: left;\"><li><strong>F\u0131nd\u0131k<\/strong><\/li><\/ul><p style=\"text-align: left;\">Kutu Adeti: 1 Adet - Form: Taze<\/p><\/div><\/div><\/div><\/div>\n\t\t\t\t<\/div>\n\t\t\t\t<\/div>\n\t\t\t\t\t<\/div>\n\t\t\t\t<\/div>\n\t\t\t\t\t<\/div>\n\t\t\t\t<\/div>\n\t\t\t\t\t<\/div>\n\t\t\t\t<\/div>\n\t\t<div class=\"elementor-element elementor-element-5280c39 e-flex e-con-boxed e-con e-parent\" data-id=\"5280c39\" data-element_type=\"container\">\n\t\t\t\t\t<div class=\"e-con-inner\">\n\t\t<div class=\"elementor-element elementor-element-f0d75f5 e-flex e-con-boxed e-con e-child\" data-id=\"f0d75f5\" data-element_type=\"container\">\n\t\t\t\t\t<div class=\"e-con-inner\">\n\t\t<div class=\"elementor-element elementor-element-6380ab3 e-flex e-con-boxed e-con e-child\" data-id=\"6380ab3\" data-element_type=\"container\">\n\t\t\t\t\t<div class=\"e-con-inner\">\n\t\t\t\t<div class=\"elementor-element elementor-element-3734e54 elementor-widget elementor-widget-mfn_feature_box\" data-id=\"3734e54\" data-element_type=\"widget\" data-widget_type=\"mfn_feature_box.default\">\n\t\t\t\t<div class=\"elementor-widget-container\">\n\t\t\t\t\t<div class=\"feature_box\"><div class=\"feature_box_wrapper\" ><div class=\"photo_wrapper\"><img loading=\"lazy\" decoding=\"async\" class=\"scale-with-grid\" src=\"https:\/\/gusagida.com\/wp-content\/uploads\/2024\/05\/mozaik-pasta-scaled.jpg\" alt=\"Gaziantep,Baklava,With,Pistachio,,Butter,Butter,,And,Gaziantep,Pistachio.,It\" width=\"2560\" height=\"1707\" \/><\/div><div class=\"desc_wrapper\"><h4 class=\"title\">Mozaik \u00dc\u00e7gen<\/h4><div class=\"desc\"><h6 style=\"text-align: left;\">Mozaik \u00dc\u00e7gen \u00c7e\u015fitleri;<\/h6><ul style=\"text-align: left;\"><li><strong>\u00c7ikolata<\/strong><\/li><\/ul><p style=\"text-align: left;\">Kutu Adeti: 18 Adet - Form: Donuk<\/p><\/div><\/div><\/div><\/div>\n\t\t\t\t<\/div>\n\t\t\t\t<\/div>\n\t\t\t\t\t<\/div>\n\t\t\t\t<\/div>\n\t\t\t\t\t<\/div>\n\t\t\t\t<\/div>\n\t\t\t\t\t<\/div>\n\t\t\t\t<\/div>\n\t\t<div class=\"elementor-element elementor-element-201be0e e-flex e-con-boxed e-con e-parent\" data-id=\"201be0e\" data-element_type=\"container\">\n\t\t\t\t\t<div class=\"e-con-inner\">\n\t\t<div class=\"elementor-element elementor-element-5cf0332 e-flex e-con-boxed e-con e-child\" data-id=\"5cf0332\" data-element_type=\"container\">\n\t\t\t\t\t<div class=\"e-con-inner\">\n\t\t<div class=\"elementor-element elementor-element-8488786 e-flex e-con-boxed e-con e-child\" data-id=\"8488786\" data-element_type=\"container\">\n\t\t\t\t\t<div class=\"e-con-inner\">\n\t\t\t\t<div class=\"elementor-element elementor-element-1b1b1b8 elementor-widget elementor-widget-mfn_feature_box\" data-id=\"1b1b1b8\" data-element_type=\"widget\" data-widget_type=\"mfn_feature_box.default\">\n\t\t\t\t<div class=\"elementor-widget-container\">\n\t\t\t\t\t<div class=\"feature_box\"><div class=\"feature_box_wrapper\" ><div class=\"photo_wrapper\"><img loading=\"lazy\" decoding=\"async\" class=\"scale-with-grid\" src=\"https:\/\/gusagida.com\/wp-content\/uploads\/2024\/05\/havuclu-kek-scaled.jpg\" alt=\"Gaziantep,Baklava,With,Pistachio,,Butter,Butter,,And,Gaziantep,Pistachio.,It\" width=\"2560\" height=\"1707\" \/><\/div><div class=\"desc_wrapper\"><h4 class=\"title\">Kek<\/h4><div class=\"desc\"><h6 style=\"text-align: left;\">Kek \u00c7e\u015fitleri;<\/h6><ul style=\"text-align: left;\"><li><strong>Kremal\u0131 Havu\u00e7lu<\/strong><\/li><\/ul><p style=\"text-align: left;\">Kutu Adeti: 12 Adet - Form: Donuk<\/p><\/div><\/div><\/div><\/div>\n\t\t\t\t<\/div>\n\t\t\t\t<\/div>\n\t\t\t\t\t<\/div>\n\t\t\t\t<\/div>\n\t\t\t\t\t<\/div>\n\t\t\t\t<\/div>\n\t\t\t\t\t<\/div>\n\t\t\t\t<\/div>\n\t\t<div class=\"elementor-element elementor-element-1acd090 e-flex e-con-boxed e-con e-parent\" data-id=\"1acd090\" data-element_type=\"container\">\n\t\t\t\t\t<div class=\"e-con-inner\">\n\t\t<div class=\"elementor-element elementor-element-262701e e-flex e-con-boxed e-con e-child\" data-id=\"262701e\" data-element_type=\"container\">\n\t\t\t\t\t<div class=\"e-con-inner\">\n\t\t<div class=\"elementor-element elementor-element-1a88fe0 e-flex e-con-boxed e-con e-child\" data-id=\"1a88fe0\" data-element_type=\"container\">\n\t\t\t\t\t<div class=\"e-con-inner\">\n\t\t\t\t<div class=\"elementor-element elementor-element-c12379f elementor-widget elementor-widget-mfn_feature_box\" data-id=\"c12379f\" data-element_type=\"widget\" data-widget_type=\"mfn_feature_box.default\">\n\t\t\t\t<div class=\"elementor-widget-container\">\n\t\t\t\t\t<div class=\"feature_box\"><div class=\"feature_box_wrapper\" ><div class=\"photo_wrapper\"><img loading=\"lazy\" decoding=\"async\" class=\"scale-with-grid\" src=\"https:\/\/gusagida.com\/wp-content\/uploads\/2024\/05\/dereotlu-pogaca-1-scaled.jpg\" alt=\"Gaziantep,Baklava,With,Pistachio,,Butter,Butter,,And,Gaziantep,Pistachio.,It\" width=\"2560\" height=\"1707\" \/><\/div><div class=\"desc_wrapper\"><h4 class=\"title\">Po\u011fa\u00e7a<\/h4><div class=\"desc\"><h6 style=\"text-align: left;\">Po\u011fa\u00e7a \u00c7e\u015fitleri;<\/h6><ul style=\"text-align: left;\"><li><strong>Dereotlu<\/strong><\/li><\/ul><p style=\"text-align: left;\">Kutu Adeti: 1Adet - Form: Taze<\/p><\/div><\/div><\/div><\/div>\n\t\t\t\t<\/div>\n\t\t\t\t<\/div>\n\t\t\t\t\t<\/div>\n\t\t\t\t<\/div>\n\t\t\t\t\t<\/div>\n\t\t\t\t<\/div>\n\t\t\t\t\t<\/div>\n\t\t\t\t<\/div>\n\t\t\t\t<\/div>\n\t\t","protected":false},"excerpt":{"rendered":"<p>Cookie Cookie \u00c7e\u015fitleri; \u00c7ikolatal\u0131 Yer F\u0131st\u0131kl\u0131 Kutu Adeti: 16 Adet &#8211; Form: Taze San Sebastian Kutu Adeti: 12 Adet &#8211; Form: Taze Cheesecake Cheesecake \u00c7e\u015fitleri; Frambuaz &#8230; <\/p>\n<p class=\"read-more-container\"><a title=\"Pastac\u0131l\u0131k Grubu\" class=\"read-more button\" href=\"https:\/\/gusagida.com\/?page_id=886#more-886\" aria-label=\"More on Pastac\u0131l\u0131k Grubu\">Continue<\/a><\/p>\n","protected":false},"author":2,"featured_media":0,"parent":0,"menu_order":0,"comment_status":"closed","ping_status":"closed","template":"","meta":{"footnotes":""},"class_list":["post-886","page","type-page","status-publish","hentry","no-featured-image-padding"],"_links":{"self":[{"href":"https:\/\/gusagida.com\/index.php?rest_route=\/wp\/v2\/pages\/886","targetHints":{"allow":["GET"]}}],"collection":[{"href":"https:\/\/gusagida.com\/index.php?rest_route=\/wp\/v2\/pages"}],"about":[{"href":"https:\/\/gusagida.com\/index.php?rest_route=\/wp\/v2\/types\/page"}],"author":[{"embeddable":true,"href":"https:\/\/gusagida.com\/index.php?rest_route=\/wp\/v2\/users\/2"}],"replies":[{"embeddable":true,"href":"https:\/\/gusagida.com\/index.php?rest_route=%2Fwp%2Fv2%2Fcomments&post=886"}],"version-history":[{"count":17,"href":"https:\/\/gusagida.com\/index.php?rest_route=\/wp\/v2\/pages\/886\/revisions"}],"predecessor-version":[{"id":1064,"href":"https:\/\/gusagida.com\/index.php?rest_route=\/wp\/v2\/pages\/886\/revisions\/1064"}],"wp:attachment":[{"href":"https:\/\/gusagida.com\/index.php?rest_route=%2Fwp%2Fv2%2Fmedia&parent=886"}],"curies":[{"name":"wp","href":"https:\/\/api.w.org\/{rel}","templated":true}]}}