{"id":874,"date":"2024-05-02T21:59:43","date_gmt":"2024-05-02T21:59:43","guid":{"rendered":"https:\/\/gusagida.com\/?page_id=874"},"modified":"2024-05-17T18:48:27","modified_gmt":"2024-05-17T18:48:27","slug":"serbetli-tatli-grubu","status":"publish","type":"page","link":"https:\/\/gusagida.com\/?page_id=874","title":{"rendered":"\u015eerbetli Tatl\u0131 Grubu"},"content":{"rendered":"\t\t<div data-elementor-type=\"wp-page\" data-elementor-id=\"874\" class=\"elementor elementor-874\">\n\t\t\t\t<div class=\"elementor-element elementor-element-9745d1e e-flex e-con-boxed e-con e-parent\" data-id=\"9745d1e\" data-element_type=\"container\">\n\t\t\t\t\t<div class=\"e-con-inner\">\n\t\t<div class=\"elementor-element elementor-element-8893487 e-flex e-con-boxed e-con e-child\" data-id=\"8893487\" data-element_type=\"container\">\n\t\t\t\t\t<div class=\"e-con-inner\">\n\t\t<div class=\"elementor-element elementor-element-915b947 e-flex e-con-boxed e-con e-child\" data-id=\"915b947\" data-element_type=\"container\">\n\t\t\t\t\t<div class=\"e-con-inner\">\n\t\t\t\t<div class=\"elementor-element elementor-element-936cdb1 elementor-widget elementor-widget-mfn_feature_box\" data-id=\"936cdb1\" data-element_type=\"widget\" data-widget_type=\"mfn_feature_box.default\">\n\t\t\t\t<div class=\"elementor-widget-container\">\n\t\t\t\t\t<div class=\"feature_box\"><div class=\"feature_box_wrapper\" ><div class=\"photo_wrapper\"><img fetchpriority=\"high\" decoding=\"async\" class=\"scale-with-grid\" src=\"https:\/\/gusagida.com\/wp-content\/uploads\/2024\/04\/Baklava1-scaled.jpg\" alt=\"Square,Baklava,,Pistachio,Baklava,,Gaziantep,Baklava,,Top,Shot.,Kare,Baklava\" width=\"2560\" height=\"1707\" \/><\/div><div class=\"desc_wrapper\"><h4 class=\"title\">Baklava<\/h4><div class=\"desc\"><h6 style=\"text-align: left;\">Baklava \u00c7e\u015fitleri;<\/h6><ul style=\"text-align: left;\"><li><strong>Cevizli<\/strong><\/li><li><strong>F\u0131st\u0131kl\u0131<\/strong><\/li><\/ul><p style=\"text-align: left;\">Tepsi Kg: 3.7 kg - Dilim Say\u0131s\u0131: 91 Dilim<\/p><\/div><\/div><\/div><\/div>\n\t\t\t\t<\/div>\n\t\t\t\t<\/div>\n\t\t\t\t\t<\/div>\n\t\t\t\t<\/div>\n\t\t\t\t\t<\/div>\n\t\t\t\t<\/div>\n\t\t\t\t\t<\/div>\n\t\t\t\t<\/div>\n\t\t<div class=\"elementor-element elementor-element-e0f7d7c e-flex e-con-boxed e-con e-parent\" data-id=\"e0f7d7c\" data-element_type=\"container\">\n\t\t\t\t\t<div class=\"e-con-inner\">\n\t\t<div class=\"elementor-element elementor-element-ec798e3 e-flex e-con-boxed e-con e-child\" data-id=\"ec798e3\" data-element_type=\"container\">\n\t\t\t\t\t<div class=\"e-con-inner\">\n\t\t<div class=\"elementor-element elementor-element-64c8f73 e-flex e-con-boxed e-con e-child\" data-id=\"64c8f73\" data-element_type=\"container\">\n\t\t\t\t\t<div class=\"e-con-inner\">\n\t\t\t\t<div class=\"elementor-element elementor-element-213b575 elementor-widget elementor-widget-mfn_feature_box\" data-id=\"213b575\" data-element_type=\"widget\" data-widget_type=\"mfn_feature_box.default\">\n\t\t\t\t<div class=\"elementor-widget-container\">\n\t\t\t\t\t<div class=\"feature_box\"><div class=\"feature_box_wrapper\" ><div class=\"photo_wrapper\"><img decoding=\"async\" class=\"scale-with-grid\" src=\"https:\/\/gusagida.com\/wp-content\/uploads\/2024\/04\/Ankara-Sarmasi2-scaled.jpg\" alt=\"Gaziantep,Baklava,With,Pistachio,,Butter,Butter,,And,Gaziantep,Pistachio.,It\" width=\"2560\" height=\"1707\" \/><\/div><div class=\"desc_wrapper\"><h4 class=\"title\">Ankara Sarma<\/h4><div class=\"desc\"><h6 style=\"text-align: left;\">Ankara Sarma \u00c7e\u015fitleri;<\/h6><ul style=\"text-align: left;\"><li><strong>Cevizli<\/strong><\/li><li><strong>F\u0131st\u0131kl\u0131<\/strong><\/li><\/ul><p style=\"text-align: left;\">Tepsi Kg: 4 kg - Dilim Say\u0131s\u0131: 96 Dilim<\/p><\/div><\/div><\/div><\/div>\n\t\t\t\t<\/div>\n\t\t\t\t<\/div>\n\t\t\t\t\t<\/div>\n\t\t\t\t<\/div>\n\t\t\t\t\t<\/div>\n\t\t\t\t<\/div>\n\t\t\t\t\t<\/div>\n\t\t\t\t<\/div>\n\t\t<div class=\"elementor-element elementor-element-ef22f55 e-flex e-con-boxed e-con e-parent\" data-id=\"ef22f55\" data-element_type=\"container\">\n\t\t\t\t\t<div class=\"e-con-inner\">\n\t\t<div class=\"elementor-element elementor-element-0d592a7 e-flex e-con-boxed e-con e-child\" data-id=\"0d592a7\" data-element_type=\"container\">\n\t\t\t\t\t<div class=\"e-con-inner\">\n\t\t<div class=\"elementor-element elementor-element-5496d30 e-flex e-con-boxed e-con e-child\" data-id=\"5496d30\" data-element_type=\"container\">\n\t\t\t\t\t<div class=\"e-con-inner\">\n\t\t\t\t<div class=\"elementor-element elementor-element-b486b9d elementor-widget elementor-widget-mfn_feature_box\" data-id=\"b486b9d\" data-element_type=\"widget\" data-widget_type=\"mfn_feature_box.default\">\n\t\t\t\t<div class=\"elementor-widget-container\">\n\t\t\t\t\t<div class=\"feature_box\"><div class=\"feature_box_wrapper\" ><div class=\"photo_wrapper\"><img decoding=\"async\" class=\"scale-with-grid\" src=\"https:\/\/gusagida.com\/wp-content\/uploads\/2024\/04\/Baklava3-scaled.jpg\" alt=\"Square,Baklava,,Pistachio,Baklava,,Gaziantep,Baklava,,Top,Shot.,Kare,Baklava\" width=\"2560\" height=\"1707\" \/><\/div><div class=\"desc_wrapper\"><h4 class=\"title\">Sar\u0131 Burma<\/h4><div class=\"desc\"><h6 style=\"text-align: left;\">Sar\u0131 Burma \u00c7e\u015fitleri;<\/h6><ul style=\"text-align: left;\"><li><strong>Cevizli<\/strong><\/li><li><strong>F\u0131st\u0131kl\u0131<\/strong><\/li><\/ul><p style=\"text-align: left;\">Tepsi Kg: 4 kg - Dilim Say\u0131s\u0131: 96 Dilim<\/p><\/div><\/div><\/div><\/div>\n\t\t\t\t<\/div>\n\t\t\t\t<\/div>\n\t\t\t\t\t<\/div>\n\t\t\t\t<\/div>\n\t\t\t\t\t<\/div>\n\t\t\t\t<\/div>\n\t\t\t\t\t<\/div>\n\t\t\t\t<\/div>\n\t\t<div class=\"elementor-element elementor-element-5240c76 e-flex e-con-boxed e-con e-parent\" data-id=\"5240c76\" data-element_type=\"container\">\n\t\t\t\t\t<div class=\"e-con-inner\">\n\t\t<div class=\"elementor-element elementor-element-dde26a5 e-flex e-con-boxed e-con e-child\" data-id=\"dde26a5\" data-element_type=\"container\">\n\t\t\t\t\t<div class=\"e-con-inner\">\n\t\t<div class=\"elementor-element elementor-element-f169f51 e-flex e-con-boxed e-con e-child\" data-id=\"f169f51\" data-element_type=\"container\">\n\t\t\t\t\t<div class=\"e-con-inner\">\n\t\t\t\t<div class=\"elementor-element elementor-element-c5948dd elementor-widget elementor-widget-mfn_feature_box\" data-id=\"c5948dd\" data-element_type=\"widget\" data-widget_type=\"mfn_feature_box.default\">\n\t\t\t\t<div class=\"elementor-widget-container\">\n\t\t\t\t\t<div class=\"feature_box\"><div class=\"feature_box_wrapper\" ><div class=\"photo_wrapper\"><img loading=\"lazy\" decoding=\"async\" class=\"scale-with-grid\" src=\"https:\/\/gusagida.com\/wp-content\/uploads\/2024\/04\/Saray-SArmasi-scaled.jpg\" alt=\"Gaziantep,Baklava,With,Pistachio,,Butter,Butter,,And,Gaziantep,Pistachio.,It\" width=\"2560\" height=\"1707\" \/><\/div><div class=\"desc_wrapper\"><h4 class=\"title\">Saray Sarmas\u0131<\/h4><div class=\"desc\"><h6 style=\"text-align: left;\">Saray Sarmas\u0131 \u00c7e\u015fitleri;<\/h6><ul style=\"text-align: left;\"><li><strong>Cevizli<\/strong><\/li><li><strong>F\u0131st\u0131kl\u0131<\/strong><\/li><\/ul><p style=\"text-align: left;\">Tepsi Kg: 4 kg - Dilim Say\u0131s\u0131: 130 Dilim<\/p><\/div><\/div><\/div><\/div>\n\t\t\t\t<\/div>\n\t\t\t\t<\/div>\n\t\t\t\t\t<\/div>\n\t\t\t\t<\/div>\n\t\t\t\t\t<\/div>\n\t\t\t\t<\/div>\n\t\t\t\t\t<\/div>\n\t\t\t\t<\/div>\n\t\t<div class=\"elementor-element elementor-element-c43aa1e e-flex e-con-boxed e-con e-parent\" data-id=\"c43aa1e\" data-element_type=\"container\">\n\t\t\t\t\t<div class=\"e-con-inner\">\n\t\t<div class=\"elementor-element elementor-element-5d19dd3 e-flex e-con-boxed e-con e-child\" data-id=\"5d19dd3\" data-element_type=\"container\">\n\t\t\t\t\t<div class=\"e-con-inner\">\n\t\t<div class=\"elementor-element elementor-element-f6eebd5 e-flex e-con-boxed e-con e-child\" data-id=\"f6eebd5\" data-element_type=\"container\">\n\t\t\t\t\t<div class=\"e-con-inner\">\n\t\t\t\t<div class=\"elementor-element elementor-element-c5161ad elementor-widget elementor-widget-mfn_feature_box\" data-id=\"c5161ad\" data-element_type=\"widget\" data-widget_type=\"mfn_feature_box.default\">\n\t\t\t\t<div class=\"elementor-widget-container\">\n\t\t\t\t\t<div class=\"feature_box\"><div class=\"feature_box_wrapper\" ><div class=\"photo_wrapper\"><img loading=\"lazy\" decoding=\"async\" class=\"scale-with-grid\" src=\"https:\/\/gusagida.com\/wp-content\/uploads\/2024\/04\/sobiyet-scaled.jpg\" alt=\"Gaziantep,Baklava,With,Pistachio,,Butter,Butter,,And,Gaziantep,Pistachio.,It\" width=\"2560\" height=\"1707\" \/><\/div><div class=\"desc_wrapper\"><h4 class=\"title\">\u015e\u00f6biyet<\/h4><div class=\"desc\"><h6 style=\"text-align: left;\">\u015e\u00f6biyet \u00c7e\u015fitleri;<\/h6><ul style=\"text-align: left;\"><li><strong>Cevizli<\/strong><\/li><li><strong>F\u0131st\u0131kl\u0131<\/strong><\/li><\/ul><p style=\"text-align: left;\">Tepsi Kg: 4 kg - Dilim Say\u0131s\u0131: 60 Dilim<\/p><\/div><\/div><\/div><\/div>\n\t\t\t\t<\/div>\n\t\t\t\t<\/div>\n\t\t\t\t\t<\/div>\n\t\t\t\t<\/div>\n\t\t\t\t\t<\/div>\n\t\t\t\t<\/div>\n\t\t\t\t\t<\/div>\n\t\t\t\t<\/div>\n\t\t<div class=\"elementor-element elementor-element-9af3475 e-flex e-con-boxed e-con e-parent\" data-id=\"9af3475\" data-element_type=\"container\">\n\t\t\t\t\t<div class=\"e-con-inner\">\n\t\t<div class=\"elementor-element elementor-element-dab81e1 e-flex e-con-boxed e-con e-child\" data-id=\"dab81e1\" data-element_type=\"container\">\n\t\t\t\t\t<div class=\"e-con-inner\">\n\t\t<div class=\"elementor-element elementor-element-9ea6ec1 e-flex e-con-boxed e-con e-child\" data-id=\"9ea6ec1\" data-element_type=\"container\">\n\t\t\t\t\t<div class=\"e-con-inner\">\n\t\t\t\t<div class=\"elementor-element elementor-element-3ecf8ef elementor-widget elementor-widget-mfn_feature_box\" data-id=\"3ecf8ef\" data-element_type=\"widget\" data-widget_type=\"mfn_feature_box.default\">\n\t\t\t\t<div class=\"elementor-widget-container\">\n\t\t\t\t\t<div class=\"feature_box\"><div class=\"feature_box_wrapper\" ><div class=\"photo_wrapper\"><img loading=\"lazy\" decoding=\"async\" class=\"scale-with-grid\" src=\"https:\/\/gusagida.com\/wp-content\/uploads\/2024\/04\/Havuc-Dilim-scaled.jpg\" alt=\"Gaziantep,Baklava,With,Pistachio,,Butter,Butter,,And,Gaziantep,Pistachio.,It\" width=\"2560\" height=\"1707\" \/><\/div><div class=\"desc_wrapper\"><h4 class=\"title\">Havu\u00e7 Dilimi<\/h4><div class=\"desc\"><h6 style=\"text-align: left;\">Havu\u00e7 Dilim \u00c7e\u015fitleri;<\/h6><ul style=\"text-align: left;\"><li><strong>Cevizli<\/strong><\/li><li><strong>F\u0131st\u0131kl\u0131<\/strong><\/li><\/ul><p style=\"text-align: left;\">Tepsi Kg: 3.7 kg - Dilim Say\u0131s\u0131: 36 Dilim<\/p><\/div><\/div><\/div><\/div>\n\t\t\t\t<\/div>\n\t\t\t\t<\/div>\n\t\t\t\t\t<\/div>\n\t\t\t\t<\/div>\n\t\t\t\t\t<\/div>\n\t\t\t\t<\/div>\n\t\t\t\t\t<\/div>\n\t\t\t\t<\/div>\n\t\t<div class=\"elementor-element elementor-element-3ed7893 e-flex e-con-boxed e-con e-parent\" data-id=\"3ed7893\" data-element_type=\"container\">\n\t\t\t\t\t<div class=\"e-con-inner\">\n\t\t<div class=\"elementor-element elementor-element-841d967 e-flex e-con-boxed e-con e-child\" data-id=\"841d967\" data-element_type=\"container\">\n\t\t\t\t\t<div class=\"e-con-inner\">\n\t\t<div class=\"elementor-element elementor-element-8952eb1 e-flex e-con-boxed e-con e-child\" data-id=\"8952eb1\" data-element_type=\"container\">\n\t\t\t\t\t<div class=\"e-con-inner\">\n\t\t\t\t<div class=\"elementor-element elementor-element-b3fd237 elementor-widget elementor-widget-mfn_feature_box\" data-id=\"b3fd237\" data-element_type=\"widget\" data-widget_type=\"mfn_feature_box.default\">\n\t\t\t\t<div class=\"elementor-widget-container\">\n\t\t\t\t\t<div class=\"feature_box\"><div class=\"feature_box_wrapper\" ><div class=\"photo_wrapper\"><img loading=\"lazy\" decoding=\"async\" class=\"scale-with-grid\" src=\"https:\/\/gusagida.com\/wp-content\/uploads\/2024\/04\/Kadayif-scaled.jpg\" alt=\"Gaziantep,Baklava,With,Pistachio,,Butter,Butter,,And,Gaziantep,Pistachio.,It\" width=\"2560\" height=\"1707\" \/><\/div><div class=\"desc_wrapper\"><h4 class=\"title\">Basma Kaday\u0131f<\/h4><div class=\"desc\"><h6 style=\"text-align: left;\">Basma Kaday\u0131f \u00c7e\u015fitleri;<\/h6><ul style=\"text-align: left;\"><li><strong>Cevizli<\/strong><\/li><li><strong>F\u0131st\u0131kl\u0131<\/strong><\/li><\/ul><p style=\"text-align: left;\">Tepsi Kg: 3.7 kg - Dilim Say\u0131s\u0131: 30 Dilim<\/p><\/div><\/div><\/div><\/div>\n\t\t\t\t<\/div>\n\t\t\t\t<\/div>\n\t\t\t\t\t<\/div>\n\t\t\t\t<\/div>\n\t\t\t\t\t<\/div>\n\t\t\t\t<\/div>\n\t\t\t\t\t<\/div>\n\t\t\t\t<\/div>\n\t\t<div class=\"elementor-element elementor-element-8ec5861 e-flex e-con-boxed e-con e-parent\" data-id=\"8ec5861\" data-element_type=\"container\">\n\t\t\t\t\t<div class=\"e-con-inner\">\n\t\t<div class=\"elementor-element elementor-element-c5bb258 e-flex e-con-boxed e-con e-child\" data-id=\"c5bb258\" data-element_type=\"container\">\n\t\t\t\t\t<div class=\"e-con-inner\">\n\t\t<div class=\"elementor-element elementor-element-60fea25 e-flex e-con-boxed e-con e-child\" data-id=\"60fea25\" data-element_type=\"container\">\n\t\t\t\t\t<div class=\"e-con-inner\">\n\t\t\t\t<div class=\"elementor-element elementor-element-b952bc3 elementor-widget elementor-widget-mfn_feature_box\" data-id=\"b952bc3\" data-element_type=\"widget\" data-widget_type=\"mfn_feature_box.default\">\n\t\t\t\t<div class=\"elementor-widget-container\">\n\t\t\t\t\t<div class=\"feature_box\"><div class=\"feature_box_wrapper\" ><div class=\"photo_wrapper\"><img loading=\"lazy\" decoding=\"async\" class=\"scale-with-grid\" src=\"https:\/\/gusagida.com\/wp-content\/uploads\/2024\/05\/SEKERPARE-scaled.jpg\" alt=\"Gaziantep,Baklava,With,Pistachio,,Butter,Butter,,And,Gaziantep,Pistachio.,It\" width=\"2560\" height=\"1707\" \/><\/div><div class=\"desc_wrapper\"><h4 class=\"title\">\u015eekerpare<\/h4><div class=\"desc\"><p style=\"text-align: left;\">Tepsi Kg: 3 kg - Adet Say\u0131s\u0131: 56 Adet<\/p><\/div><\/div><\/div><\/div>\n\t\t\t\t<\/div>\n\t\t\t\t<\/div>\n\t\t\t\t\t<\/div>\n\t\t\t\t<\/div>\n\t\t\t\t\t<\/div>\n\t\t\t\t<\/div>\n\t\t\t\t\t<\/div>\n\t\t\t\t<\/div>\n\t\t<div class=\"elementor-element elementor-element-5cfd3eb e-flex e-con-boxed e-con e-parent\" data-id=\"5cfd3eb\" data-element_type=\"container\">\n\t\t\t\t\t<div class=\"e-con-inner\">\n\t\t<div class=\"elementor-element elementor-element-9f38abf e-flex e-con-boxed e-con e-child\" data-id=\"9f38abf\" data-element_type=\"container\">\n\t\t\t\t\t<div class=\"e-con-inner\">\n\t\t<div class=\"elementor-element elementor-element-294101d e-flex e-con-boxed e-con e-child\" data-id=\"294101d\" data-element_type=\"container\">\n\t\t\t\t\t<div class=\"e-con-inner\">\n\t\t\t\t<div class=\"elementor-element elementor-element-9e288e5 elementor-widget elementor-widget-mfn_feature_box\" data-id=\"9e288e5\" data-element_type=\"widget\" data-widget_type=\"mfn_feature_box.default\">\n\t\t\t\t<div class=\"elementor-widget-container\">\n\t\t\t\t\t<div class=\"feature_box\"><div class=\"feature_box_wrapper\" ><div class=\"photo_wrapper\"><img loading=\"lazy\" decoding=\"async\" class=\"scale-with-grid\" src=\"https:\/\/gusagida.com\/wp-content\/uploads\/2024\/05\/KALBURABASTI-scaled.jpg\" alt=\"Gaziantep,Baklava,With,Pistachio,,Butter,Butter,,And,Gaziantep,Pistachio.,It\" width=\"2560\" height=\"1707\" \/><\/div><div class=\"desc_wrapper\"><h4 class=\"title\">Kalburabast\u0131<\/h4><div class=\"desc\"><p style=\"text-align: left;\">Tepsi Kg: 3 kg - Adet Say\u0131s\u0131: 56 Adet<\/p><\/div><\/div><\/div><\/div>\n\t\t\t\t<\/div>\n\t\t\t\t<\/div>\n\t\t\t\t\t<\/div>\n\t\t\t\t<\/div>\n\t\t\t\t\t<\/div>\n\t\t\t\t<\/div>\n\t\t\t\t\t<\/div>\n\t\t\t\t<\/div>\n\t\t<div class=\"elementor-element elementor-element-727fa8a e-flex e-con-boxed e-con e-parent\" data-id=\"727fa8a\" data-element_type=\"container\">\n\t\t\t\t\t<div class=\"e-con-inner\">\n\t\t<div class=\"elementor-element elementor-element-4e406f9 e-flex e-con-boxed e-con e-child\" data-id=\"4e406f9\" data-element_type=\"container\">\n\t\t\t\t\t<div class=\"e-con-inner\">\n\t\t<div class=\"elementor-element elementor-element-9f2dd34 e-flex e-con-boxed e-con e-child\" data-id=\"9f2dd34\" data-element_type=\"container\">\n\t\t\t\t\t<div class=\"e-con-inner\">\n\t\t\t\t<div class=\"elementor-element elementor-element-f2a3de4 elementor-widget elementor-widget-mfn_feature_box\" data-id=\"f2a3de4\" data-element_type=\"widget\" data-widget_type=\"mfn_feature_box.default\">\n\t\t\t\t<div class=\"elementor-widget-container\">\n\t\t\t\t\t<div class=\"feature_box\"><div class=\"feature_box_wrapper\" ><div class=\"photo_wrapper\"><img loading=\"lazy\" decoding=\"async\" class=\"scale-with-grid\" src=\"https:\/\/gusagida.com\/wp-content\/uploads\/2024\/05\/BALBADEM-scaled.jpg\" alt=\"Gaziantep,Baklava,With,Pistachio,,Butter,Butter,,And,Gaziantep,Pistachio.,It\" width=\"2560\" height=\"1707\" \/><\/div><div class=\"desc_wrapper\"><h4 class=\"title\">Balbadem<\/h4><div class=\"desc\"><p style=\"text-align: left;\">Tepsi Kg: 3 kg - Adet Say\u0131s\u0131: 56 Adet<\/p><\/div><\/div><\/div><\/div>\n\t\t\t\t<\/div>\n\t\t\t\t<\/div>\n\t\t\t\t\t<\/div>\n\t\t\t\t<\/div>\n\t\t\t\t\t<\/div>\n\t\t\t\t<\/div>\n\t\t\t\t\t<\/div>\n\t\t\t\t<\/div>\n\t\t<div class=\"elementor-element elementor-element-64e23c1 e-flex e-con-boxed e-con e-parent\" data-id=\"64e23c1\" data-element_type=\"container\">\n\t\t\t\t\t<div class=\"e-con-inner\">\n\t\t<div class=\"elementor-element elementor-element-acaf617 e-flex e-con-boxed e-con e-child\" data-id=\"acaf617\" data-element_type=\"container\">\n\t\t\t\t\t<div class=\"e-con-inner\">\n\t\t<div class=\"elementor-element elementor-element-296a7fc e-flex e-con-boxed e-con e-child\" data-id=\"296a7fc\" data-element_type=\"container\">\n\t\t\t\t\t<div class=\"e-con-inner\">\n\t\t\t\t<div class=\"elementor-element elementor-element-db2a2eb elementor-widget elementor-widget-mfn_feature_box\" data-id=\"db2a2eb\" data-element_type=\"widget\" data-widget_type=\"mfn_feature_box.default\">\n\t\t\t\t<div class=\"elementor-widget-container\">\n\t\t\t\t\t<div class=\"feature_box\"><div class=\"feature_box_wrapper\" ><div class=\"photo_wrapper\"><img loading=\"lazy\" decoding=\"async\" class=\"scale-with-grid\" src=\"https:\/\/gusagida.com\/wp-content\/uploads\/2024\/05\/SAMBALI-scaled.jpg\" alt=\"Gaziantep,Baklava,With,Pistachio,,Butter,Butter,,And,Gaziantep,Pistachio.,It\" width=\"2560\" height=\"1707\" \/><\/div><div class=\"desc_wrapper\"><h4 class=\"title\">\u015eambali<\/h4><div class=\"desc\"><p style=\"text-align: left;\">Tepsi Kg: 5 kg - Dilim Say\u0131s\u0131: 60 Dilim<\/p><\/div><\/div><\/div><\/div>\n\t\t\t\t<\/div>\n\t\t\t\t<\/div>\n\t\t\t\t\t<\/div>\n\t\t\t\t<\/div>\n\t\t\t\t\t<\/div>\n\t\t\t\t<\/div>\n\t\t\t\t\t<\/div>\n\t\t\t\t<\/div>\n\t\t\t\t<\/div>\n\t\t","protected":false},"excerpt":{"rendered":"<p>Baklava Baklava \u00c7e\u015fitleri; Cevizli F\u0131st\u0131kl\u0131 Tepsi Kg: 3.7 kg &#8211; Dilim Say\u0131s\u0131: 91 Dilim Ankara Sarma Ankara Sarma \u00c7e\u015fitleri; Cevizli F\u0131st\u0131kl\u0131 Tepsi Kg: 4 kg &#8211; &#8230; <\/p>\n<p class=\"read-more-container\"><a title=\"\u015eerbetli Tatl\u0131 Grubu\" class=\"read-more button\" href=\"https:\/\/gusagida.com\/?page_id=874#more-874\" aria-label=\"More on \u015eerbetli Tatl\u0131 Grubu\">Continue<\/a><\/p>\n","protected":false},"author":2,"featured_media":0,"parent":0,"menu_order":0,"comment_status":"closed","ping_status":"closed","template":"","meta":{"footnotes":""},"class_list":["post-874","page","type-page","status-publish","hentry","no-featured-image-padding"],"_links":{"self":[{"href":"https:\/\/gusagida.com\/index.php?rest_route=\/wp\/v2\/pages\/874","targetHints":{"allow":["GET"]}}],"collection":[{"href":"https:\/\/gusagida.com\/index.php?rest_route=\/wp\/v2\/pages"}],"about":[{"href":"https:\/\/gusagida.com\/index.php?rest_route=\/wp\/v2\/types\/page"}],"author":[{"embeddable":true,"href":"https:\/\/gusagida.com\/index.php?rest_route=\/wp\/v2\/users\/2"}],"replies":[{"embeddable":true,"href":"https:\/\/gusagida.com\/index.php?rest_route=%2Fwp%2Fv2%2Fcomments&post=874"}],"version-history":[{"count":50,"href":"https:\/\/gusagida.com\/index.php?rest_route=\/wp\/v2\/pages\/874\/revisions"}],"predecessor-version":[{"id":1073,"href":"https:\/\/gusagida.com\/index.php?rest_route=\/wp\/v2\/pages\/874\/revisions\/1073"}],"wp:attachment":[{"href":"https:\/\/gusagida.com\/index.php?rest_route=%2Fwp%2Fv2%2Fmedia&parent=874"}],"curies":[{"name":"wp","href":"https:\/\/api.w.org\/{rel}","templated":true}]}}